{"id":16,"date":"2019-10-05T21:40:58","date_gmt":"2019-10-05T19:40:58","guid":{"rendered":"http:\/\/www.hausarzt-krieghoff.de\/?page_id=16"},"modified":"2019-10-09T09:52:36","modified_gmt":"2019-10-09T07:52:36","slug":"online-rezeptbestellung","status":"publish","type":"page","link":"https:\/\/www.hausarzt-krieghoff.de\/?page_id=16","title":{"rendered":"Online-Rezeptbestellung"},"content":{"rendered":"<p><strong>Folgerezepte online bestellen<\/strong><br \/>\nVoraussetzung: Chipkarte wurde bereits im laufenden Quartal eingelesen.<br \/>\nDie Abholung ist am \u00fcbern\u00e4chsten Werktag zur regul\u00e4ren Sprechzeit m\u00f6glich.<br \/>\nBitte bringen Sie zur Abholung Ihre Versicherungs-Chipkarte mit.<br \/>\nBitte f\u00fcllen Sie mindestens die mit * versehenen Pflichtfelder sorgf\u00e4ltig aus.<\/p>\n\n<div class=\"wpcf7 no-js\" id=\"wpcf7-f511-o1\" lang=\"de-DE\" dir=\"ltr\" data-wpcf7-id=\"511\">\n<div class=\"screen-reader-response\"><p role=\"status\" aria-live=\"polite\" aria-atomic=\"true\"><\/p> <ul><\/ul><\/div>\n<form action=\"\/index.php?rest_route=%2Fwp%2Fv2%2Fpages%2F16#wpcf7-f511-o1\" method=\"post\" class=\"wpcf7-form init\" aria-label=\"Kontaktformular\" novalidate=\"novalidate\" data-status=\"init\">\n<fieldset class=\"hidden-fields-container\"><input type=\"hidden\" name=\"_wpcf7\" value=\"511\" \/><input type=\"hidden\" name=\"_wpcf7_version\" value=\"6.1.5\" \/><input type=\"hidden\" name=\"_wpcf7_locale\" value=\"de_DE\" \/><input type=\"hidden\" name=\"_wpcf7_unit_tag\" value=\"wpcf7-f511-o1\" \/><input type=\"hidden\" name=\"_wpcf7_container_post\" value=\"0\" \/><input type=\"hidden\" name=\"_wpcf7_posted_data_hash\" value=\"\" \/>\n<\/fieldset>\n<p>Ihr Name*\n<\/p>\n<p><span class=\"wpcf7-form-control-wrap\" data-name=\"your-name\"><input size=\"40\" maxlength=\"400\" class=\"wpcf7-form-control wpcf7-text wpcf7-validates-as-required\" aria-required=\"true\" aria-invalid=\"false\" value=\"\" type=\"text\" name=\"your-name\" \/><\/span>\n<\/p>\n<p>Ihre Email*\n<\/p>\n<p><span class=\"wpcf7-form-control-wrap\" data-name=\"your-email\"><input size=\"40\" maxlength=\"400\" class=\"wpcf7-form-control wpcf7-email wpcf7-validates-as-required wpcf7-text wpcf7-validates-as-email\" aria-required=\"true\" aria-invalid=\"false\" value=\"\" type=\"email\" name=\"your-email\" \/><\/span>\n<\/p>\n<p>Ihre Telefonummer*\n<\/p>\n<p><span class=\"wpcf7-form-control-wrap\" data-name=\"text-telefon\"><input size=\"40\" maxlength=\"400\" class=\"wpcf7-form-control wpcf7-text wpcf7-validates-as-required\" aria-required=\"true\" aria-invalid=\"false\" value=\"\" type=\"text\" name=\"text-telefon\" \/><\/span>\n<\/p>\n<p>Ihre Krankenversicherung*\n<\/p>\n<p><span class=\"wpcf7-form-control-wrap\" data-name=\"text-versicherung\"><input size=\"40\" maxlength=\"400\" class=\"wpcf7-form-control wpcf7-text wpcf7-validates-as-required\" aria-required=\"true\" aria-invalid=\"false\" value=\"\" type=\"text\" name=\"text-versicherung\" \/><\/span>\n<\/p>\n<p>Ihr Geburtsdatum*\n<\/p>\n<p><span class=\"wpcf7-form-control-wrap\" data-name=\"text-geburtsdatum\"><input size=\"8\" maxlength=\"10\" class=\"wpcf7-form-control wpcf7-text wpcf7-validates-as-required\" aria-required=\"true\" aria-invalid=\"false\" value=\"TT.MM.JJJJ\" type=\"text\" name=\"text-geburtsdatum\" \/><\/span>\n<\/p>\n<hr \/>\n<p><strong>Ihre Rezeptbestellung*<\/strong>\n<\/p>\n<hr \/>\n<table cellpadding=\"3\" cellspacing=\"3\">\n\t<tr>\n\t\t<td>\n\t\t\t<p><strong>Medikament<\/strong>\n\t\t\t<\/p>\n\t\t\t<p>(genaue Handelsbezeichnung)\n\t\t\t<\/p>\n\t\t<\/td>\n\t\t<td>\n\t\t\t<p><strong>Anzahl<\/strong>\n\t\t\t<\/p>\n\t\t<\/td>\n\t\t<td>\n\t\t\t<p><strong>Gr\u00f6\u00dfe<\/strong>\n\t\t\t<\/p>\n\t\t<\/td>\n\t<\/tr>\n\t<tr>\n\t\t<td>\n\t\t\t<p><span class=\"wpcf7-form-control-wrap\" data-name=\"text-m1-name\"><input size=\"30\" maxlength=\"400\" class=\"wpcf7-form-control wpcf7-text\" aria-invalid=\"false\" value=\"\" type=\"text\" name=\"text-m1-name\" \/><\/span>\n\t\t\t<\/p>\n\t\t<\/td>\n\t\t<td>\n\t\t\t<p><span class=\"wpcf7-form-control-wrap\" data-name=\"text-m1-anzahl\"><input size=\"4\" maxlength=\"2\" class=\"wpcf7-form-control wpcf7-text\" aria-invalid=\"false\" value=\"\" type=\"text\" name=\"text-m1-anzahl\" \/><\/span>\n\t\t\t<\/p>\n\t\t<\/td>\n\t\t<td>\n\t\t\t<p><span class=\"wpcf7-form-control-wrap\" data-name=\"menu-m1-groesse\"><select class=\"wpcf7-form-control wpcf7-select\" aria-invalid=\"false\" name=\"menu-m1-groesse\"><option value=\"N1\">N1<\/option><option value=\"N2\">N2<\/option><option value=\"N3\">N3<\/option><option value=\"St\u00fcck\">St\u00fcck<\/option><option value=\"Einheit\">Einheit<\/option><option value=\"50 ml\">50 ml<\/option><option value=\"100 ml\">100 ml<\/option><option value=\"200 ml\">200 ml<\/option><option value=\"300 ml\">300 ml<\/option><option value=\"400 ml\">400 ml<\/option><option value=\"500 ml\">500 ml<\/option><option value=\"20 g\">20 g<\/option><option value=\"50 g\">50 g<\/option><option value=\"100 g\">100 g<\/option><option value=\"200 g\">200 g<\/option><\/select><\/span>\n\t\t\t<\/p>\n\t\t<\/td>\n\t<\/tr>\n\t<tr>\n\t\t<td>\n\t\t\t<p><span class=\"wpcf7-form-control-wrap\" data-name=\"text-m2-name\"><input size=\"30\" maxlength=\"400\" class=\"wpcf7-form-control wpcf7-text\" aria-invalid=\"false\" value=\"\" type=\"text\" name=\"text-m2-name\" \/><\/span>\n\t\t\t<\/p>\n\t\t<\/td>\n\t\t<td>\n\t\t\t<p><span class=\"wpcf7-form-control-wrap\" data-name=\"text-m2-anzahl\"><input size=\"4\" maxlength=\"2\" class=\"wpcf7-form-control wpcf7-text\" aria-invalid=\"false\" value=\"\" type=\"text\" name=\"text-m2-anzahl\" \/><\/span>\n\t\t\t<\/p>\n\t\t<\/td>\n\t\t<td>\n\t\t\t<p><span class=\"wpcf7-form-control-wrap\" data-name=\"menu-m2-groesse\"><select class=\"wpcf7-form-control wpcf7-select\" aria-invalid=\"false\" name=\"menu-m2-groesse\"><option value=\"N1\">N1<\/option><option value=\"N2\">N2<\/option><option value=\"N3\">N3<\/option><option value=\"St\u00fcck\">St\u00fcck<\/option><option value=\"Einheit\">Einheit<\/option><option value=\"50 ml\">50 ml<\/option><option value=\"100 ml\">100 ml<\/option><option value=\"200 ml\">200 ml<\/option><option value=\"300 ml\">300 ml<\/option><option value=\"400 ml\">400 ml<\/option><option value=\"500 ml\">500 ml<\/option><option value=\"20 g\">20 g<\/option><option value=\"50 g\">50 g<\/option><option value=\"100 g\">100 g<\/option><option value=\"200 g\">200 g<\/option><\/select><\/span>\n\t\t\t<\/p>\n\t\t<\/td>\n\t<\/tr>\n\t<tr>\n\t\t<td>\n\t\t\t<p><span class=\"wpcf7-form-control-wrap\" data-name=\"text-m3-name\"><input size=\"30\" maxlength=\"400\" class=\"wpcf7-form-control wpcf7-text\" aria-invalid=\"false\" value=\"\" type=\"text\" name=\"text-m3-name\" \/><\/span>\n\t\t\t<\/p>\n\t\t<\/td>\n\t\t<td>\n\t\t\t<p><span class=\"wpcf7-form-control-wrap\" data-name=\"text-m3-anzahl\"><input size=\"4\" maxlength=\"2\" class=\"wpcf7-form-control wpcf7-text\" aria-invalid=\"false\" value=\"\" type=\"text\" name=\"text-m3-anzahl\" \/><\/span>\n\t\t\t<\/p>\n\t\t<\/td>\n\t\t<td>\n\t\t\t<p><span class=\"wpcf7-form-control-wrap\" data-name=\"menu-m3-groesse\"><select class=\"wpcf7-form-control wpcf7-select\" aria-invalid=\"false\" name=\"menu-m3-groesse\"><option value=\"N1\">N1<\/option><option value=\"N2\">N2<\/option><option value=\"N3\">N3<\/option><option value=\"St\u00fcck\">St\u00fcck<\/option><option value=\"Einheit\">Einheit<\/option><option value=\"50 ml\">50 ml<\/option><option value=\"100 ml\">100 ml<\/option><option value=\"200 ml\">200 ml<\/option><option value=\"300 ml\">300 ml<\/option><option value=\"400 ml\">400 ml<\/option><option value=\"500 ml\">500 ml<\/option><option value=\"20 g\">20 g<\/option><option value=\"50 g\">50 g<\/option><option value=\"100 g\">100 g<\/option><option value=\"200 g\">200 g<\/option><\/select><\/span>\n\t\t\t<\/p>\n\t\t<\/td>\n\t<\/tr>\n\t<tr>\n\t\t<td>\n\t\t\t<p><span class=\"wpcf7-form-control-wrap\" data-name=\"text-m4-name\"><input size=\"30\" maxlength=\"400\" class=\"wpcf7-form-control wpcf7-text\" aria-invalid=\"false\" value=\"\" type=\"text\" name=\"text-m4-name\" \/><\/span>\n\t\t\t<\/p>\n\t\t<\/td>\n\t\t<td>\n\t\t\t<p><span class=\"wpcf7-form-control-wrap\" data-name=\"text-m4-anzahl\"><input size=\"4\" maxlength=\"2\" class=\"wpcf7-form-control wpcf7-text\" aria-invalid=\"false\" value=\"\" type=\"text\" name=\"text-m4-anzahl\" \/><\/span>\n\t\t\t<\/p>\n\t\t<\/td>\n\t\t<td>\n\t\t\t<p><span class=\"wpcf7-form-control-wrap\" data-name=\"menu-m4-groesse\"><select class=\"wpcf7-form-control wpcf7-select\" aria-invalid=\"false\" name=\"menu-m4-groesse\"><option value=\"N1\">N1<\/option><option value=\"N2\">N2<\/option><option value=\"N3\">N3<\/option><option value=\"St\u00fcck\">St\u00fcck<\/option><option value=\"Einheit\">Einheit<\/option><option value=\"50 ml\">50 ml<\/option><option value=\"100 ml\">100 ml<\/option><option value=\"200 ml\">200 ml<\/option><option value=\"300 ml\">300 ml<\/option><option value=\"400 ml\">400 ml<\/option><option value=\"500 ml\">500 ml<\/option><option value=\"20 g\">20 g<\/option><option value=\"50 g\">50 g<\/option><option value=\"100 g\">100 g<\/option><option value=\"200 g\">200 g<\/option><\/select><\/span>\n\t\t\t<\/p>\n\t\t<\/td>\n\t<\/tr>\n\t<tr>\n\t\t<td>\n\t\t\t<p><span class=\"wpcf7-form-control-wrap\" data-name=\"text-m5-name\"><input size=\"30\" maxlength=\"400\" class=\"wpcf7-form-control wpcf7-text\" aria-invalid=\"false\" value=\"\" type=\"text\" name=\"text-m5-name\" \/><\/span>\n\t\t\t<\/p>\n\t\t<\/td>\n\t\t<td>\n\t\t\t<p><span class=\"wpcf7-form-control-wrap\" data-name=\"text-m5-anzahl\"><input size=\"4\" maxlength=\"2\" class=\"wpcf7-form-control wpcf7-text\" aria-invalid=\"false\" value=\"\" type=\"text\" name=\"text-m5-anzahl\" \/><\/span>\n\t\t\t<\/p>\n\t\t<\/td>\n\t\t<td>\n\t\t\t<p><span class=\"wpcf7-form-control-wrap\" data-name=\"menu-m5-groesse\"><select class=\"wpcf7-form-control wpcf7-select\" aria-invalid=\"false\" name=\"menu-m5-groesse\"><option value=\"N1\">N1<\/option><option value=\"N2\">N2<\/option><option value=\"N3\">N3<\/option><option value=\"St\u00fcck\">St\u00fcck<\/option><option value=\"Einheit\">Einheit<\/option><option value=\"50 ml\">50 ml<\/option><option value=\"100 ml\">100 ml<\/option><option value=\"200 ml\">200 ml<\/option><option value=\"300 ml\">300 ml<\/option><option value=\"400 ml\">400 ml<\/option><option value=\"500 ml\">500 ml<\/option><option value=\"20 g\">20 g<\/option><option value=\"50 g\">50 g<\/option><option value=\"100 g\">100 g<\/option><option value=\"200 g\">200 g<\/option><\/select><\/span>\n\t\t\t<\/p>\n\t\t<\/td>\n\t<\/tr>\n\t<tr>\n\t\t<td>\n\t\t\t<p><span class=\"wpcf7-form-control-wrap\" data-name=\"text-m6-name\"><input size=\"30\" maxlength=\"400\" class=\"wpcf7-form-control wpcf7-text\" aria-invalid=\"false\" value=\"\" type=\"text\" name=\"text-m6-name\" \/><\/span>\n\t\t\t<\/p>\n\t\t<\/td>\n\t\t<td>\n\t\t\t<p><span class=\"wpcf7-form-control-wrap\" data-name=\"text-m6-anzahl\"><input size=\"4\" maxlength=\"2\" class=\"wpcf7-form-control wpcf7-text\" aria-invalid=\"false\" value=\"\" type=\"text\" name=\"text-m6-anzahl\" \/><\/span>\n\t\t\t<\/p>\n\t\t<\/td>\n\t\t<td>\n\t\t\t<p><span class=\"wpcf7-form-control-wrap\" data-name=\"menu-m6-groesse\"><select class=\"wpcf7-form-control wpcf7-select\" aria-invalid=\"false\" name=\"menu-m6-groesse\"><option value=\"N1\">N1<\/option><option value=\"N2\">N2<\/option><option value=\"N3\">N3<\/option><option value=\"St\u00fcck\">St\u00fcck<\/option><option value=\"Einheit\">Einheit<\/option><option value=\"50 ml\">50 ml<\/option><option value=\"100 ml\">100 ml<\/option><option value=\"200 ml\">200 ml<\/option><option value=\"300 ml\">300 ml<\/option><option value=\"400 ml\">400 ml<\/option><option value=\"500 ml\">500 ml<\/option><option value=\"20 g\">20 g<\/option><option value=\"50 g\">50 g<\/option><option value=\"100 g\">100 g<\/option><option value=\"200 g\">200 g<\/option><\/select><\/span>\n\t\t\t<\/p>\n\t\t<\/td>\n\t<\/tr>\n<\/table>\n<p style=\"text-align: justify\"><span class=\"wpcf7-form-control-wrap\" data-name=\"datenschutz-409\"><span class=\"wpcf7-form-control wpcf7-acceptance\"><span class=\"wpcf7-list-item\"><input type=\"checkbox\" name=\"datenschutz-409\" value=\"1\" aria-invalid=\"false\" \/><\/span><\/span><\/span> Ich habe die <a href=\"https:\/\/www.hausarzt-krieghoff.de\/datenschutzerklaerung\/\" target=\"_blank\">Datenschutzerkl\u00e4rung<\/a> gelesen und bin damit einverstanden. *\n<\/p>\n<p><span class=\"wpcf7-form-control-wrap kc_captcha\" data-name=\"kc_captcha\"><span class=\"wpcf7-form-control wpcf7-radio\"><span class=\"captcha-image\" ><span class=\"cf7ic_instructions\">Bitte beweise, dass du kein Spambot bist und w\u00e4hle das Symbol<span> Schl\u00fcssel<\/span>.<\/span><label><input aria-label=\"1\" type=\"radio\" name=\"kc_captcha\" value=\"bot\" \/><svg aria-hidden=\"true\" role=\"img\" xmlns=\"http:\/\/www.w3.org\/2000\/svg\" viewBox=\"0 0 576 512\"><path fill=\"currentColor\" d=\"M259 18l-65 132-146 22c-26 3-37 36-18 54l106 103-25 146c-5 26 23 46 46 33l131-68 131 68c23 13 51-7 46-33l-25-146 106-103c19-18 8-51-18-54l-146-22-65-132a32 32 0 00-58 0z\"\/><\/svg><\/label><label><input aria-label=\"2\" type=\"radio\" name=\"kc_captcha\" value=\"bot\" \/><svg aria-hidden=\"true\" role=\"img\" xmlns=\"http:\/\/www.w3.org\/2000\/svg\" viewBox=\"0 0 512 512\"><path fill=\"currentColor\" d=\"M350 99c-54 0-98-35-166-35-25 0-47 4-68 12a56 56 0 004-24C118 24 95 1 66 0a56 56 0 00-34 102v386c0 13 11 24 24 24h16c13 0 24-11 24-24v-94c28-12 64-23 114-23 54 0 98 35 166 35 48 0 86-16 122-41 9-6 14-15 14-26V96c0-23-24-39-45-29-35 16-77 32-117 32z\"\/><\/svg><\/label><label><input aria-label=\"3\" type=\"radio\" name=\"kc_captcha\" value=\"kc_human\" \/><svg aria-hidden=\"true\" role=\"img\" xmlns=\"http:\/\/www.w3.org\/2000\/svg\" viewBox=\"0 0 512 512\"><path fill=\"currentColor\" d=\"M512 176a176 176 0 01-209 173l-24 27a24 24 0 01-18 8h-37v40c0 13-11 24-24 24h-40v40c0 13-11 24-24 24H24c-13 0-24-11-24-24v-78c0-6 3-13 7-17l162-162a176 176 0 11343-55zm-176-48a48 48 0 1096 0 48 48 0 00-96 0z\"\/><\/svg><\/label>\r\n    <\/span>\r\n    <span style=\"display:none\">\r\n        <input type=\"text\" name=\"kc_honeypot\">\r\n    <\/span><\/span><\/span>\n<\/p>\n<p><input class=\"wpcf7-form-control wpcf7-submit has-spinner\" type=\"submit\" value=\"Senden\" \/>\n<\/p><div class=\"wpcf7-response-output\" aria-hidden=\"true\"><\/div>\n<\/form>\n<\/div>\n\n","protected":false},"excerpt":{"rendered":"<p>Folgerezepte online bestellen Voraussetzung: Chipkarte wurde bereits im laufenden Quartal eingelesen. Die Abholung ist am \u00fcbern\u00e4chsten Werktag zur regul\u00e4ren Sprechzeit [&hellip;]<\/p>\n","protected":false},"author":1,"featured_media":0,"parent":0,"menu_order":0,"comment_status":"closed","ping_status":"closed","template":"","meta":{"footnotes":""},"class_list":["post-16","page","type-page","status-publish","hentry"],"_links":{"self":[{"href":"https:\/\/www.hausarzt-krieghoff.de\/index.php?rest_route=\/wp\/v2\/pages\/16","targetHints":{"allow":["GET"]}}],"collection":[{"href":"https:\/\/www.hausarzt-krieghoff.de\/index.php?rest_route=\/wp\/v2\/pages"}],"about":[{"href":"https:\/\/www.hausarzt-krieghoff.de\/index.php?rest_route=\/wp\/v2\/types\/page"}],"author":[{"embeddable":true,"href":"https:\/\/www.hausarzt-krieghoff.de\/index.php?rest_route=\/wp\/v2\/users\/1"}],"replies":[{"embeddable":true,"href":"https:\/\/www.hausarzt-krieghoff.de\/index.php?rest_route=%2Fwp%2Fv2%2Fcomments&post=16"}],"version-history":[{"count":3,"href":"https:\/\/www.hausarzt-krieghoff.de\/index.php?rest_route=\/wp\/v2\/pages\/16\/revisions"}],"predecessor-version":[{"id":527,"href":"https:\/\/www.hausarzt-krieghoff.de\/index.php?rest_route=\/wp\/v2\/pages\/16\/revisions\/527"}],"wp:attachment":[{"href":"https:\/\/www.hausarzt-krieghoff.de\/index.php?rest_route=%2Fwp%2Fv2%2Fmedia&parent=16"}],"curies":[{"name":"wp","href":"https:\/\/api.w.org\/{rel}","templated":true}]}}